{"id":18,"date":"2023-12-27T11:48:14","date_gmt":"2023-12-27T11:48:14","guid":{"rendered":"http:\/\/www.gulserenguzellik.com\/?page_id=18"},"modified":"2024-01-30T08:48:32","modified_gmt":"2024-01-30T08:48:32","slug":"home","status":"publish","type":"page","link":"http:\/\/www.gulserenguzellik.com\/","title":{"rendered":"H\u0130ZMETLER\u0130M\u0130Z"},"content":{"rendered":"\n<p>Hizmetlerimiz<\/p>\n","protected":false},"excerpt":{"rendered":"<p>Hizmetlerimiz<\/p>\n","protected":false},"author":1,"featured_media":0,"parent":0,"menu_order":0,"comment_status":"closed","ping_status":"closed","template":"templates\/template-homepage.php","meta":{"footnotes":""},"_links":{"self":[{"href":"http:\/\/www.gulserenguzellik.com\/index.php?rest_route=\/wp\/v2\/pages\/18"}],"collection":[{"href":"http:\/\/www.gulserenguzellik.com\/index.php?rest_route=\/wp\/v2\/pages"}],"about":[{"href":"http:\/\/www.gulserenguzellik.com\/index.php?rest_route=\/wp\/v2\/types\/page"}],"author":[{"embeddable":true,"href":"http:\/\/www.gulserenguzellik.com\/index.php?rest_route=\/wp\/v2\/users\/1"}],"replies":[{"embeddable":true,"href":"http:\/\/www.gulserenguzellik.com\/index.php?rest_route=%2Fwp%2Fv2%2Fcomments&post=18"}],"version-history":[{"count":2,"href":"http:\/\/www.gulserenguzellik.com\/index.php?rest_route=\/wp\/v2\/pages\/18\/revisions"}],"predecessor-version":[{"id":52,"href":"http:\/\/www.gulserenguzellik.com\/index.php?rest_route=\/wp\/v2\/pages\/18\/revisions\/52"}],"wp:attachment":[{"href":"http:\/\/www.gulserenguzellik.com\/index.php?rest_route=%2Fwp%2Fv2%2Fmedia&parent=18"}],"curies":[{"name":"wp","href":"https:\/\/api.w.org\/{rel}","templated":true}]}}