{"id":55,"date":"2024-01-30T08:52:08","date_gmt":"2024-01-30T08:52:08","guid":{"rendered":"http:\/\/www.gulserenguzellik.com\/?page_id=55"},"modified":"2024-01-30T08:52:08","modified_gmt":"2024-01-30T08:52:08","slug":"iletisim","status":"publish","type":"page","link":"http:\/\/www.gulserenguzellik.com\/?page_id=55","title":{"rendered":"\u0130LET\u0130\u015e\u0130M"},"content":{"rendered":"","protected":false},"excerpt":{"rendered":"","protected":false},"author":1,"featured_media":0,"parent":0,"menu_order":0,"comment_status":"closed","ping_status":"closed","template":"","meta":{"footnotes":""},"_links":{"self":[{"href":"http:\/\/www.gulserenguzellik.com\/index.php?rest_route=\/wp\/v2\/pages\/55"}],"collection":[{"href":"http:\/\/www.gulserenguzellik.com\/index.php?rest_route=\/wp\/v2\/pages"}],"about":[{"href":"http:\/\/www.gulserenguzellik.com\/index.php?rest_route=\/wp\/v2\/types\/page"}],"author":[{"embeddable":true,"href":"http:\/\/www.gulserenguzellik.com\/index.php?rest_route=\/wp\/v2\/users\/1"}],"replies":[{"embeddable":true,"href":"http:\/\/www.gulserenguzellik.com\/index.php?rest_route=%2Fwp%2Fv2%2Fcomments&post=55"}],"version-history":[{"count":1,"href":"http:\/\/www.gulserenguzellik.com\/index.php?rest_route=\/wp\/v2\/pages\/55\/revisions"}],"predecessor-version":[{"id":56,"href":"http:\/\/www.gulserenguzellik.com\/index.php?rest_route=\/wp\/v2\/pages\/55\/revisions\/56"}],"wp:attachment":[{"href":"http:\/\/www.gulserenguzellik.com\/index.php?rest_route=%2Fwp%2Fv2%2Fmedia&parent=55"}],"curies":[{"name":"wp","href":"https:\/\/api.w.org\/{rel}","templated":true}]}}